{"id":13392,"date":"2022-05-04T10:39:58","date_gmt":"2022-05-04T10:39:58","guid":{"rendered":"http:\/\/eastgate-trading.com\/?page_id=13392"},"modified":"2022-07-25T18:15:07","modified_gmt":"2022-07-25T18:15:07","slug":"o-nama","status":"publish","type":"page","link":"https:\/\/eastgate-trading.com\/en\/o-nama\/","title":{"rendered":"About Us"},"content":{"rendered":"<div data-elementor-type=\"wp-page\" data-elementor-id=\"13392\" class=\"elementor elementor-13392\">\n\t\t\t\t\t\t\t\t\t<section class=\"elementor-section elementor-top-section elementor-element elementor-element-1d8c145 elementor-section-boxed elementor-section-height-default elementor-section-height-default\" data-id=\"1d8c145\" data-element_type=\"section\">\n\t\t\t\t\t\t<div class=\"elementor-container elementor-column-gap-default\">\n\t\t\t\t\t<div class=\"elementor-column elementor-col-50 elementor-top-column elementor-element elementor-element-082623c\" data-id=\"082623c\" data-element_type=\"column\">\n\t\t\t<div class=\"elementor-widget-wrap elementor-element-populated\">\n\t\t\t\t\t\t\t\t<div class=\"elementor-element elementor-element-d229f98 elementor-invisible elementor-widget elementor-widget-pix-feature\" data-id=\"d229f98\" data-element_type=\"widget\" data-widget_type=\"pix-feature.default\">\n\t\t\t\t<div class=\"elementor-widget-container\">\n\t\t\t<div id=\"duo-icon-198811739\" class=\"pix-feature-el text-left\"><h3 class=\"font-weight-bold   text-heading-default animate-in\" style=\"\" data-anim-type=\"fade-in-up\" data-anim-delay=\"500\">Our mission<\/h3><div class=\"text-body-default text-18    text-justify animate-in\" style=\"padding-top:12px;\" data-anim-type=\"fade-in-up\" data-anim-delay=\"600\">Our mission is to secure all industrial, commercial, logistical, legal, administrative and fiscal procedures for our clients which are buying goods from China. We are offering services of highest qualities in the fastest time periods and the most competitive prices on the market. Successfully helping our clients to minimize possible errors, saving their time, and reduction of any possible marginal costs.<\/div><\/div>\t\t<\/div>\n\t\t\t\t<\/div>\n\t\t\t\t\t<\/div>\n\t\t<\/div>\n\t\t\t\t<div class=\"elementor-column elementor-col-50 elementor-top-column elementor-element elementor-element-85ebf3f\" data-id=\"85ebf3f\" data-element_type=\"column\">\n\t\t\t<div class=\"elementor-widget-wrap elementor-element-populated\">\n\t\t\t\t\t\t\t\t<div class=\"elementor-element elementor-element-dcb225e elementor-invisible elementor-widget elementor-widget-pix-video\" data-id=\"dcb225e\" data-element_type=\"widget\" data-widget_type=\"pix-video.default\">\n\t\t\t\t<div class=\"elementor-widget-container\">\n\t\t\t<div class=\"animate-in d-inline-block2\" data-anim-type=\"fade-in-right\" data-anim-delay=\"0\"><div class=\"pix-video bg-body-default rounded-xl   shadow-sm shadow-hover-lg\"  ><img decoding=\"async\" alt=\"Image\" src=\"https:\/\/eastgate-trading.com\/wp-content\/uploads\/2022\/05\/teamwork.jpg\" class=\"video-bg pix-opacity-8\" \/><div class=\"video-play-btn video-play-btn-inline d-flex align-items-center justify-content-center scale shadow-lg\" style=\"width:0px;height:0px;background-color:;\"><span class=\"text-body-default\" style=\"\"><svg xmlns=\"http:\/\/www.w3.org\/2000\/svg\" viewbox=\"0 0 24 24\" ><path d=\"M8 6.82v10.36c0 .79.87 1.27 1.54.84l8.14-5.18c.62-.39.62-1.29 0-1.69L9.54 5.98C8.87 5.55 8 6.03 8 6.82z\"\/><\/svg>\n<\/span><\/div><div class=\"embed-responsive embed-responsive-16by9\"><\/div><\/div><\/div>\t\t<\/div>\n\t\t\t\t<\/div>\n\t\t\t\t\t<\/div>\n\t\t<\/div>\n\t\t\t\t\t\t\t<\/div>\n\t\t<\/section>\n\t\t\t\t<section class=\"elementor-section elementor-top-section elementor-element elementor-element-ac5416a textImageLeft elementor-section-boxed elementor-section-height-default elementor-section-height-default\" data-id=\"ac5416a\" data-element_type=\"section\">\n\t\t\t\t\t\t<div class=\"elementor-container elementor-column-gap-default\">\n\t\t\t\t\t<div class=\"elementor-column elementor-col-50 elementor-top-column elementor-element elementor-element-66526d9\" data-id=\"66526d9\" data-element_type=\"column\">\n\t\t\t<div class=\"elementor-widget-wrap elementor-element-populated\">\n\t\t\t\t\t\t\t\t<div class=\"elementor-element elementor-element-5fc2c12 elementor-invisible elementor-widget elementor-widget-pix-video\" data-id=\"5fc2c12\" data-element_type=\"widget\" data-widget_type=\"pix-video.default\">\n\t\t\t\t<div class=\"elementor-widget-container\">\n\t\t\t<div class=\"animate-in d-inline-block2\" data-anim-type=\"fade-in-right\" data-anim-delay=\"0\"><div class=\"pix-video bg-body-default rounded-xl   shadow-sm shadow-hover-lg\"  ><img decoding=\"async\" alt=\"Image\" src=\"https:\/\/eastgate-trading.com\/wp-content\/uploads\/2022\/05\/about_background.jpg\" class=\"video-bg pix-opacity-8\" \/><div class=\"video-play-btn video-play-btn-inline d-flex align-items-center justify-content-center scale shadow-lg\" style=\"width:0px;height:0px;background-color:;\"><span class=\"text-body-default\" style=\"\"><svg xmlns=\"http:\/\/www.w3.org\/2000\/svg\" viewbox=\"0 0 24 24\" ><path d=\"M8 6.82v10.36c0 .79.87 1.27 1.54.84l8.14-5.18c.62-.39.62-1.29 0-1.69L9.54 5.98C8.87 5.55 8 6.03 8 6.82z\"\/><\/svg>\n<\/span><\/div><div class=\"embed-responsive embed-responsive-16by9\"><\/div><\/div><\/div>\t\t<\/div>\n\t\t\t\t<\/div>\n\t\t\t\t\t<\/div>\n\t\t<\/div>\n\t\t\t\t<div class=\"elementor-column elementor-col-50 elementor-top-column elementor-element elementor-element-69fd76a\" data-id=\"69fd76a\" data-element_type=\"column\">\n\t\t\t<div class=\"elementor-widget-wrap elementor-element-populated\">\n\t\t\t\t\t\t\t\t<div class=\"elementor-element elementor-element-2171b82 elementor-invisible elementor-widget elementor-widget-pix-feature\" data-id=\"2171b82\" data-element_type=\"widget\" data-widget_type=\"pix-feature.default\">\n\t\t\t\t<div class=\"elementor-widget-container\">\n\t\t\t<div id=\"duo-icon-18542755\" class=\"pix-feature-el text-left\"><h3 class=\"font-weight-bold   text-heading-default animate-in\" style=\"\" data-anim-type=\"fade-in-up\" data-anim-delay=\"500\">Our vision<\/h3><div class=\"text-body-default text-18    text-justify animate-in\" style=\"padding-top:12px;\" data-anim-type=\"fade-in-up\" data-anim-delay=\"600\">Our vision is to become main commercial ally to our clients and provider of logistical services for importers from China with efficiency and highest quality.<\/div><\/div>\t\t<\/div>\n\t\t\t\t<\/div>\n\t\t\t\t\t<\/div>\n\t\t<\/div>\n\t\t\t\t\t\t\t<\/div>\n\t\t<\/section>\n\t\t\t\t<section class=\"elementor-section elementor-top-section elementor-element elementor-element-4878825 elementor-section-boxed elementor-section-height-default elementor-section-height-default\" data-id=\"4878825\" data-element_type=\"section\">\n\t\t\t\t\t\t<div class=\"elementor-container elementor-column-gap-default\">\n\t\t\t\t\t<div class=\"elementor-column elementor-col-100 elementor-top-column elementor-element elementor-element-a2681ac\" data-id=\"a2681ac\" data-element_type=\"column\">\n\t\t\t<div class=\"elementor-widget-wrap elementor-element-populated\">\n\t\t\t\t\t\t\t\t<div class=\"elementor-element elementor-element-19372d0 elementor-widget-divider--view-line_icon elementor-view-default elementor-widget-divider--element-align-center elementor-widget elementor-widget-divider\" data-id=\"19372d0\" data-element_type=\"widget\" data-widget_type=\"divider.default\">\n\t\t\t\t<div class=\"elementor-widget-container\">\n\t\t\t<style>\/*! elementor - v3.10.2 - 29-01-2023 *\/\n.elementor-widget-divider{--divider-border-style:none;--divider-border-width:1px;--divider-color:#2c2c2c;--divider-icon-size:20px;--divider-element-spacing:10px;--divider-pattern-height:24px;--divider-pattern-size:20px;--divider-pattern-url:none;--divider-pattern-repeat:repeat-x}.elementor-widget-divider .elementor-divider{display:flex}.elementor-widget-divider .elementor-divider__text{font-size:15px;line-height:1;max-width:95%}.elementor-widget-divider .elementor-divider__element{margin:0 var(--divider-element-spacing);flex-shrink:0}.elementor-widget-divider .elementor-icon{font-size:var(--divider-icon-size)}.elementor-widget-divider .elementor-divider-separator{display:flex;margin:0;direction:ltr}.elementor-widget-divider--view-line_icon .elementor-divider-separator,.elementor-widget-divider--view-line_text .elementor-divider-separator{align-items:center}.elementor-widget-divider--view-line_icon .elementor-divider-separator:after,.elementor-widget-divider--view-line_icon .elementor-divider-separator:before,.elementor-widget-divider--view-line_text .elementor-divider-separator:after,.elementor-widget-divider--view-line_text .elementor-divider-separator:before{display:block;content:\"\";border-bottom:0;flex-grow:1;border-top:var(--divider-border-width) var(--divider-border-style) var(--divider-color)}.elementor-widget-divider--element-align-left .elementor-divider .elementor-divider-separator>.elementor-divider__svg:first-of-type{flex-grow:0;flex-shrink:100}.elementor-widget-divider--element-align-left .elementor-divider-separator:before{content:none}.elementor-widget-divider--element-align-left .elementor-divider__element{margin-left:0}.elementor-widget-divider--element-align-right .elementor-divider .elementor-divider-separator>.elementor-divider__svg:last-of-type{flex-grow:0;flex-shrink:100}.elementor-widget-divider--element-align-right .elementor-divider-separator:after{content:none}.elementor-widget-divider--element-align-right .elementor-divider__element{margin-right:0}.elementor-widget-divider:not(.elementor-widget-divider--view-line_text):not(.elementor-widget-divider--view-line_icon) .elementor-divider-separator{border-top:var(--divider-border-width) var(--divider-border-style) var(--divider-color)}.elementor-widget-divider--separator-type-pattern{--divider-border-style:none}.elementor-widget-divider--separator-type-pattern.elementor-widget-divider--view-line .elementor-divider-separator,.elementor-widget-divider--separator-type-pattern:not(.elementor-widget-divider--view-line) .elementor-divider-separator:after,.elementor-widget-divider--separator-type-pattern:not(.elementor-widget-divider--view-line) .elementor-divider-separator:before,.elementor-widget-divider--separator-type-pattern:not([class*=elementor-widget-divider--view]) .elementor-divider-separator{width:100%;min-height:var(--divider-pattern-height);-webkit-mask-size:var(--divider-pattern-size) 100%;mask-size:var(--divider-pattern-size) 100%;-webkit-mask-repeat:var(--divider-pattern-repeat);mask-repeat:var(--divider-pattern-repeat);background-color:var(--divider-color);-webkit-mask-image:var(--divider-pattern-url);mask-image:var(--divider-pattern-url)}.elementor-widget-divider--no-spacing{--divider-pattern-size:auto}.elementor-widget-divider--bg-round{--divider-pattern-repeat:round}.rtl .elementor-widget-divider .elementor-divider__text{direction:rtl}.e-con-inner>.elementor-widget-divider,.e-con>.elementor-widget-divider{width:var(--container-widget-width);--flex-grow:var(--container-widget-flex-grow)}<\/style>\t\t<div class=\"elementor-divider\">\n\t\t\t<span class=\"elementor-divider-separator\">\n\t\t\t\t\t\t\t<div class=\"elementor-icon elementor-divider__element\">\n\t\t\t\t\t<i aria-hidden=\"true\" class=\"fas fa-users\"><\/i><\/div>\n\t\t\t\t\t\t<\/span>\n\t\t<\/div>\n\t\t\t\t<\/div>\n\t\t\t\t<\/div>\n\t\t\t\t\t<\/div>\n\t\t<\/div>\n\t\t\t\t\t\t\t<\/div>\n\t\t<\/section>\n\t\t\t\t<section class=\"elementor-section elementor-top-section elementor-element elementor-element-e286a7a elementor-section-boxed elementor-section-height-default elementor-section-height-default\" data-id=\"e286a7a\" data-element_type=\"section\">\n\t\t\t\t\t\t<div class=\"elementor-container elementor-column-gap-default\">\n\t\t\t\t\t<div class=\"elementor-column elementor-col-50 elementor-top-column elementor-element elementor-element-352dfc7\" data-id=\"352dfc7\" data-element_type=\"column\">\n\t\t\t<div class=\"elementor-widget-wrap elementor-element-populated\">\n\t\t\t\t\t\t\t\t<div class=\"elementor-element elementor-element-3e7f0bd elementor-invisible elementor-widget elementor-widget-pix-feature\" data-id=\"3e7f0bd\" data-element_type=\"widget\" data-widget_type=\"pix-feature.default\">\n\t\t\t\t<div class=\"elementor-widget-container\">\n\t\t\t<div id=\"duo-icon-72374037\" class=\"pix-feature-el text-center\"><h2 class=\"font-weight-bold   text-heading-default animate-in\" style=\"\" data-anim-type=\"fade-in-up\" data-anim-delay=\"500\"><\/h2><div class=\"text-body-default text-18    text-justify animate-in\" style=\"padding-top:20px;\" data-anim-type=\"fade-in-up\" data-anim-delay=\"600\">We will always work towards our goals that our strategic partners will always be recognized as leading company on the market, which their own clients provides efficient, quality and reliable service.<\/div><\/div>\t\t<\/div>\n\t\t\t\t<\/div>\n\t\t\t\t\t<\/div>\n\t\t<\/div>\n\t\t\t\t<div class=\"elementor-column elementor-col-50 elementor-top-column elementor-element elementor-element-97c0733\" data-id=\"97c0733\" data-element_type=\"column\">\n\t\t\t<div class=\"elementor-widget-wrap elementor-element-populated\">\n\t\t\t\t\t\t\t\t<div class=\"elementor-element elementor-element-f8bcdca elementor-invisible elementor-widget elementor-widget-pix-video\" data-id=\"f8bcdca\" data-element_type=\"widget\" data-widget_type=\"pix-video.default\">\n\t\t\t\t<div class=\"elementor-widget-container\">\n\t\t\t<div class=\"animate-in d-inline-block2\" data-anim-type=\"fade-in-right\" data-anim-delay=\"0\"><div class=\"pix-video bg-body-default rounded-xl   shadow-sm shadow-hover-lg\"  ><img decoding=\"async\" alt=\"Image\" src=\"https:\/\/eastgate-trading.com\/wp-content\/uploads\/2022\/05\/handshake.jpg\" class=\"video-bg pix-opacity-8\" \/><div class=\"video-play-btn video-play-btn-inline d-flex align-items-center justify-content-center scale shadow-lg\" style=\"width:0px;height:0px;background-color:;\"><span class=\"text-body-default\" style=\"\"><svg xmlns=\"http:\/\/www.w3.org\/2000\/svg\" viewbox=\"0 0 24 24\" ><path d=\"M8 6.82v10.36c0 .79.87 1.27 1.54.84l8.14-5.18c.62-.39.62-1.29 0-1.69L9.54 5.98C8.87 5.55 8 6.03 8 6.82z\"\/><\/svg>\n<\/span><\/div><div class=\"embed-responsive embed-responsive-16by9\"><\/div><\/div><\/div>\t\t<\/div>\n\t\t\t\t<\/div>\n\t\t\t\t\t<\/div>\n\t\t<\/div>\n\t\t\t\t\t\t\t<\/div>\n\t\t<\/section>\n\t\t\t\t<section class=\"elementor-section elementor-top-section elementor-element elementor-element-31467b6 textImageLeft elementor-section-boxed elementor-section-height-default elementor-section-height-default\" data-id=\"31467b6\" data-element_type=\"section\">\n\t\t\t\t\t\t<div class=\"elementor-container elementor-column-gap-default\">\n\t\t\t\t\t<div class=\"elementor-column elementor-col-50 elementor-top-column elementor-element elementor-element-ac44658\" data-id=\"ac44658\" data-element_type=\"column\">\n\t\t\t<div class=\"elementor-widget-wrap elementor-element-populated\">\n\t\t\t\t\t\t\t\t<div class=\"elementor-element elementor-element-5337915 elementor-invisible elementor-widget elementor-widget-pix-video\" data-id=\"5337915\" data-element_type=\"widget\" data-widget_type=\"pix-video.default\">\n\t\t\t\t<div class=\"elementor-widget-container\">\n\t\t\t<div class=\"animate-in d-inline-block2\" data-anim-type=\"fade-in-right\" data-anim-delay=\"0\"><div class=\"pix-video bg-body-default rounded-xl   shadow-sm shadow-hover-lg\"  ><img decoding=\"async\" alt=\"Image\" src=\"https:\/\/eastgate-trading.com\/wp-content\/uploads\/2022\/05\/park.jpg\" class=\"video-bg pix-opacity-8\" \/><div class=\"video-play-btn video-play-btn-inline d-flex align-items-center justify-content-center scale shadow-lg\" style=\"width:0px;height:0px;background-color:;\"><span class=\"text-body-default\" style=\"\"><svg xmlns=\"http:\/\/www.w3.org\/2000\/svg\" viewbox=\"0 0 24 24\" ><path d=\"M8 6.82v10.36c0 .79.87 1.27 1.54.84l8.14-5.18c.62-.39.62-1.29 0-1.69L9.54 5.98C8.87 5.55 8 6.03 8 6.82z\"\/><\/svg>\n<\/span><\/div><div class=\"embed-responsive embed-responsive-16by9\"><\/div><\/div><\/div>\t\t<\/div>\n\t\t\t\t<\/div>\n\t\t\t\t\t<\/div>\n\t\t<\/div>\n\t\t\t\t<div class=\"elementor-column elementor-col-50 elementor-top-column elementor-element elementor-element-827341e\" data-id=\"827341e\" data-element_type=\"column\">\n\t\t\t<div class=\"elementor-widget-wrap elementor-element-populated\">\n\t\t\t\t\t\t\t\t<div class=\"elementor-element elementor-element-94a99b9 elementor-invisible elementor-widget elementor-widget-pix-feature\" data-id=\"94a99b9\" data-element_type=\"widget\" data-widget_type=\"pix-feature.default\">\n\t\t\t\t<div class=\"elementor-widget-container\">\n\t\t\t<div id=\"duo-icon-134135665\" class=\"pix-feature-el text-center\"><h2 class=\"font-weight-bold   text-heading-default animate-in\" style=\"\" data-anim-type=\"fade-in-up\" data-anim-delay=\"500\"><\/h2><div class=\"text-body-default text-18    text-justify animate-in\" style=\"padding-top:20px;\" data-anim-type=\"fade-in-up\" data-anim-delay=\"600\">Our job is to open gates of China for our clients, to be part of their team, and make sure and provide successful trade to our customers.<\/div><\/div>\t\t<\/div>\n\t\t\t\t<\/div>\n\t\t\t\t\t<\/div>\n\t\t<\/div>\n\t\t\t\t\t\t\t<\/div>\n\t\t<\/section>\n\t\t\t\t<section class=\"elementor-section elementor-top-section elementor-element elementor-element-274cf7d elementor-section-boxed elementor-section-height-default elementor-section-height-default\" data-id=\"274cf7d\" data-element_type=\"section\">\n\t\t\t\t\t\t<div class=\"elementor-container elementor-column-gap-default\">\n\t\t\t\t\t<div class=\"elementor-column elementor-col-50 elementor-top-column elementor-element elementor-element-f802da4\" data-id=\"f802da4\" data-element_type=\"column\">\n\t\t\t<div class=\"elementor-widget-wrap elementor-element-populated\">\n\t\t\t\t\t\t\t\t<div class=\"elementor-element elementor-element-b2aeecd elementor-invisible elementor-widget elementor-widget-pix-feature\" data-id=\"b2aeecd\" data-element_type=\"widget\" data-widget_type=\"pix-feature.default\">\n\t\t\t\t<div class=\"elementor-widget-container\">\n\t\t\t<div id=\"duo-icon-130369762\" class=\"pix-feature-el text-center\"><h2 class=\"font-weight-bold   text-heading-default animate-in\" style=\"\" data-anim-type=\"fade-in-up\" data-anim-delay=\"500\"><\/h2><div class=\"text-body-default text-18    text-justify animate-in\" style=\"padding-top:20px;\" data-anim-type=\"fade-in-up\" data-anim-delay=\"600\">EastGate Trading company management is more than ten years in Chinese market. And with that long of an experience can offer to their clients secure and safe buying trade Chinese goods at the best market prices.<\/div><\/div>\t\t<\/div>\n\t\t\t\t<\/div>\n\t\t\t\t\t<\/div>\n\t\t<\/div>\n\t\t\t\t<div class=\"elementor-column elementor-col-50 elementor-top-column elementor-element elementor-element-db00b0a\" data-id=\"db00b0a\" data-element_type=\"column\">\n\t\t\t<div class=\"elementor-widget-wrap elementor-element-populated\">\n\t\t\t\t\t\t\t\t<div class=\"elementor-element elementor-element-5ce6cf7 elementor-invisible elementor-widget elementor-widget-pix-video\" data-id=\"5ce6cf7\" data-element_type=\"widget\" data-widget_type=\"pix-video.default\">\n\t\t\t\t<div class=\"elementor-widget-container\">\n\t\t\t<div class=\"animate-in d-inline-block2\" data-anim-type=\"fade-in-right\" data-anim-delay=\"0\"><div class=\"pix-video bg-gradient-primary rounded-xl   shadow-sm shadow-hover-lg\"  ><img decoding=\"async\" alt=\"Image\" src=\"https:\/\/eastgate-trading.com\/wp-content\/uploads\/2022\/05\/hero_ship.jpg\" class=\"video-bg pix-opacity-8\" \/><div class=\"video-play-btn video-play-btn-inline d-flex align-items-center justify-content-center scale shadow-lg bg-white\" style=\"width:0px;height:0px;\"><span class=\"text-primary\" style=\"\"><svg xmlns=\"http:\/\/www.w3.org\/2000\/svg\" viewbox=\"0 0 24 24\" ><path d=\"M8 6.82v10.36c0 .79.87 1.27 1.54.84l8.14-5.18c.62-.39.62-1.29 0-1.69L9.54 5.98C8.87 5.55 8 6.03 8 6.82z\"\/><\/svg>\n<\/span><\/div><div class=\"embed-responsive embed-responsive-16by9\"><\/div><\/div><\/div>\t\t<\/div>\n\t\t\t\t<\/div>\n\t\t\t\t\t<\/div>\n\t\t<\/div>\n\t\t\t\t\t\t\t<\/div>\n\t\t<\/section>\n\t\t\t\t\t\t\t<\/div>","protected":false},"excerpt":{"rendered":"<p>Na\u0161a misija Na\u0161a misija je da obezbedimo sve industrijske, komercijalne, logisti\u010dke, pravne, administrativne i fiskalne procedure za na\u0161e klijente koji kupuju, proizvode ili posluju u Kini. Nudimo uslugu visokog kvaliteta, u najkra\u0107em mogu\u0107em roku i uz najkonkurentje cene na tr\u017ei\u0161tu,&#8230;<\/p>","protected":false},"author":1,"featured_media":0,"parent":0,"menu_order":0,"comment_status":"closed","ping_status":"closed","template":"","meta":{"footnotes":""},"class_list":["post-13392","page","type-page","status-publish","hentry"],"_links":{"self":[{"href":"https:\/\/eastgate-trading.com\/en\/wp-json\/wp\/v2\/pages\/13392","targetHints":{"allow":["GET"]}}],"collection":[{"href":"https:\/\/eastgate-trading.com\/en\/wp-json\/wp\/v2\/pages"}],"about":[{"href":"https:\/\/eastgate-trading.com\/en\/wp-json\/wp\/v2\/types\/page"}],"author":[{"embeddable":true,"href":"https:\/\/eastgate-trading.com\/en\/wp-json\/wp\/v2\/users\/1"}],"replies":[{"embeddable":true,"href":"https:\/\/eastgate-trading.com\/en\/wp-json\/wp\/v2\/comments?post=13392"}],"version-history":[{"count":1,"href":"https:\/\/eastgate-trading.com\/en\/wp-json\/wp\/v2\/pages\/13392\/revisions"}],"predecessor-version":[{"id":14439,"href":"https:\/\/eastgate-trading.com\/en\/wp-json\/wp\/v2\/pages\/13392\/revisions\/14439"}],"wp:attachment":[{"href":"https:\/\/eastgate-trading.com\/en\/wp-json\/wp\/v2\/media?parent=13392"}],"curies":[{"name":"wp","href":"https:\/\/api.w.org\/{rel}","templated":true}]}}